{"id":342,"date":"2022-08-04T15:20:02","date_gmt":"2022-08-04T14:20:02","guid":{"rendered":"https:\/\/portail-animation.ufcv.fr\/accueil-loisirs-daix\/?page_id=342"},"modified":"2023-06-06T12:41:30","modified_gmt":"2023-06-06T11:41:30","slug":"demande-de-creation-de-compte-famille","status":"publish","type":"page","link":"https:\/\/portail-animation.ufcv.fr\/accueil-loisirs-daix\/demande-de-creation-de-compte-famille\/","title":{"rendered":"Demande de cr\u00e9ation de compte"},"content":{"rendered":"\n<p class=\"has-text-align-center has-large-font-size\">Pour nos accueils en Bourgogne-Franche-Comt\u00e9<br>et en Grand -Est\u00a0<\/p>\n\n\n\n<p>Vous souhaitez inscrire votre ou vos enfant.s sur une structure (accueil de loisirs, accueil p\u00e9riscolaire, \u2026) g\u00e9r\u00e9e par l\u2019UFCV. Pour cela vous devez demander la cr\u00e9ation d\u2019un compte en remplissant le formulaire ci-dessous. (<em>Tous les champs sont obligatoires<\/em>).<\/p>\n\n\n\n<p><br>Une fois votre demande d\u2019inscription trait\u00e9e par nos services, nous vous enverrons un mail vous informant de la cr\u00e9ation de votre compte, vous pourrez ensuite compl\u00e9ter le dossier d\u2019inscription en ligne. En attendant l\u2019email nous vous conseillons de pr\u00e9parer les documents n\u00e9cessaires \u00e0 l\u2019inscription : justificatif de domicile, attestation CAF, vaccins, \u2026.<\/p>\n\n\n\n<h2 class=\"has-luminous-vivid-amber-color has-text-color wp-block-heading\"><strong>Mais c\u2019est quoi l\u2019inscription ? Et la r\u00e9servation alors ?<\/strong><\/h2>\n\n\n\n<p><br>L\u2019inscription \u00e0 un accueil UFCV consiste \u00e0 r\u00e9unir l\u2019ensemble des informations et des autorisations n\u00e9cessaires \u00e0 l\u2019accueil d\u2019un enfant ou d\u2019un jeune et \u00e0 les transmettre aux services de l\u2019UFCV. L\u2019inscription est valable pour une ann\u00e9e et est indispensable \u00e0 la prise en charge de chaque enfant ou jeune par l\u2019UFCV. Elle atteste de l\u2019accord des responsables l\u00e9gaux \u00e0 accueillir leurs enfants et\/ou jeunes dans des dispositifs p\u00e9ri ou extrascolaires, encadr\u00e9s juridiquement par le code de l\u2019action sociale et des familles.<br>Apr\u00e8s traitement de l\u2019inscription par les services de l\u2019UFCV, il vous sera possible de r\u00e9server en ligne des places (en fonction des disponibilit\u00e9s) pour votre enfant ou jeune.<\/p>\n\n\n\n<p><\/p>\n\n\n\n<div class=\"wp-block-contact-form-7-contact-form-selector\">\n<div class=\"wpcf7 no-js\" id=\"wpcf7-f341-o1\" lang=\"fr-FR\" dir=\"ltr\" data-wpcf7-id=\"341\">\n<div class=\"screen-reader-response\"><p role=\"status\" aria-live=\"polite\" aria-atomic=\"true\"><\/p> <ul><\/ul><\/div>\n<form action=\"\/accueil-loisirs-daix\/wp-json\/wp\/v2\/pages\/342#wpcf7-f341-o1\" method=\"post\" class=\"wpcf7-form init\" aria-label=\"Formulaire de contact\" novalidate=\"novalidate\" data-status=\"init\">\n<div style=\"display: none;\">\n<input type=\"hidden\" name=\"_wpcf7\" value=\"341\" \/>\n<input type=\"hidden\" name=\"_wpcf7_version\" value=\"6.0\" \/>\n<input type=\"hidden\" name=\"_wpcf7_locale\" value=\"fr_FR\" \/>\n<input type=\"hidden\" name=\"_wpcf7_unit_tag\" value=\"wpcf7-f341-o1\" \/>\n<input type=\"hidden\" name=\"_wpcf7_container_post\" value=\"0\" \/>\n<input type=\"hidden\" name=\"_wpcf7_posted_data_hash\" value=\"\" \/>\n<input type=\"hidden\" name=\"_wpcf7_recaptcha_response\" value=\"\" \/>\n<\/div>\n<p><label> Nom du responsable l\u00e9gal :<br \/>\n<span class=\"wpcf7-form-control-wrap\" data-name=\"your-name\"><input size=\"40\" maxlength=\"400\" class=\"wpcf7-form-control wpcf7-text wpcf7-validates-as-required\" aria-required=\"true\" aria-invalid=\"false\" value=\"\" type=\"text\" name=\"your-name\" \/><\/span> <\/label>\n<\/p>\n<p><label> Pr\u00e9nom du responsable l\u00e9gal :<br \/>\n<span class=\"wpcf7-form-control-wrap\" data-name=\"Prenom\"><input size=\"40\" maxlength=\"400\" class=\"wpcf7-form-control wpcf7-text wpcf7-validates-as-required\" aria-required=\"true\" aria-invalid=\"false\" value=\"\" type=\"text\" name=\"Prenom\" \/><\/span><\/label>\n<\/p>\n<p><label>E-mail du responsable l\u00e9gal (<i>cet email sera utilis\u00e9 pour communiquer avec vous)<\/i> :<br \/>\n<span class=\"wpcf7-form-control-wrap\" data-name=\"your-email\"><input size=\"40\" maxlength=\"400\" class=\"wpcf7-form-control wpcf7-email wpcf7-validates-as-required wpcf7-text wpcf7-validates-as-email\" aria-required=\"true\" aria-invalid=\"false\" value=\"\" type=\"email\" name=\"your-email\" \/><\/span> <\/label>\n<\/p>\n<p><label> \u00c9tablissement choisi :<br \/>\n<span class=\"wpcf7-form-control-wrap\" data-name=\"Etablissement\"><select class=\"wpcf7-form-control wpcf7-select wpcf7-validates-as-required\" aria-required=\"true\" aria-invalid=\"false\" name=\"Etablissement\"><option value=\"\"><\/option><option value=\"\u00c9cole europ\u00e9enne de Strasbourg\">\u00c9cole europ\u00e9enne de Strasbourg<\/option><option value=\"Accueil de Loisirs de Wolfisheim\">Accueil de Loisirs de Wolfisheim<\/option><option value=\"Accueils de Clouange\">Accueils de Clouange<\/option><option value=\"Accueil de Loisirs Roche-lez-Beaupr\u00e9\">Accueil de Loisirs Roche-lez-Beaupr\u00e9<\/option><option value=\"Accueil de Loisirs de Marchaux\">Accueil de Loisirs de Marchaux<\/option><option value=\"Accueil de Loisirs \u00c9cole-Valentin\">Accueil de Loisirs \u00c9cole-Valentin<\/option><option value=\"Accueil de Loisirs Ch\u00e2tillon-le-Duc\">Accueil de Loisirs Ch\u00e2tillon-le-Duc<\/option><option value=\"Accueil de Loisirs de Norges-la-Ville\">Accueil de Loisirs de Norges-la-Ville<\/option><option value=\"Accueil de Loisirs d&#039;Asni\u00e8res-l\u00e8s-Dijon\">Accueil de Loisirs d&#039;Asni\u00e8res-l\u00e8s-Dijon<\/option><option value=\"Accueil de Loisirs de Saint-Julien\">Accueil de Loisirs de Saint-Julien<\/option><option value=\"Accueil de Loisirs de Daix\">Accueil de Loisirs de Daix<\/option><option value=\"Accueil de Loisirs d&#039;Arc-sur-Tille\">Accueil de Loisirs d&#039;Arc-sur-Tille<\/option><option value=\"Accueil de Loisirs de Couternon\">Accueil de Loisirs de Couternon<\/option><option value=\"Accueil de Loisirs de Varois et Chaignot\">Accueil de Loisirs de Varois et Chaignot<\/option><option value=\"Accueils de Loisirs de Norge-et-Tille\">Accueils de Loisirs de Norge-et-Tille<\/option><option value=\"Accueil de Loisirs de Neuilly - Crimolois\">Accueil de Loisirs de Neuilly - Crimolois<\/option><option value=\"Accueil de Loisirs de Ruffey-l\u00e8s-Echirey\">Accueil de Loisirs de Ruffey-l\u00e8s-Echirey<\/option><option value=\"Temp&#039;Ado Norge-et-Tille\">Temp&#039;Ado Norge-et-Tille<\/option><option value=\"Temp&#039;Ados \u00c9cole-Valentin, Miserey-Saline et Pirey\">Temp&#039;Ados \u00c9cole-Valentin, Miserey-Saline et Pirey<\/option><option value=\"Temp&#039;Ados Roche-lez-Beaupr\u00e9, Marchaux-Chaudefontaine\">Temp&#039;Ados Roche-lez-Beaupr\u00e9, Marchaux-Chaudefontaine<\/option><\/select><\/span><\/label>\n<\/p>\n<p><input class=\"wpcf7-form-control wpcf7-submit has-spinner\" type=\"submit\" value=\"Envoyer la demande de cr\u00e9ation\" \/>\n<\/p><div class=\"wpcf7-response-output\" aria-hidden=\"true\"><\/div>\n<\/form>\n<\/div>\n<\/div>\n","protected":false},"excerpt":{"rendered":"<p>Pour nos accueils en Bourgogne-Franche-Comt\u00e9et en Grand -Est\u00a0 Vous souhaitez inscrire votre ou vos enfant.s sur une structure (accueil de loisirs, accueil p\u00e9riscolaire, \u2026) g\u00e9r\u00e9e par l\u2019UFCV. Pour cela vous devez demander la cr\u00e9ation d\u2019un compte en remplissant le formulaire [&hellip;]<\/p>\n","protected":false},"author":2,"featured_media":0,"parent":0,"menu_order":0,"comment_status":"closed","ping_status":"closed","template":"","meta":{"_acf_changed":false,"footnotes":""},"class_list":["post-342","page","type-page","status-publish","hentry"],"acf":[],"yoast_head":"<!-- This site is optimized with the Yoast SEO plugin v23.9 - https:\/\/yoast.com\/wordpress\/plugins\/seo\/ -->\r\n<title>Demande de cr\u00e9ation de compte - Accueil de loisirs de Daix<\/title>\r\n<meta name=\"robots\" content=\"index, follow, max-snippet:-1, max-image-preview:large, max-video-preview:-1\" \/>\r\n<link rel=\"canonical\" href=\"https:\/\/portail-animation.ufcv.fr\/accueil-loisirs-daix\/demande-de-creation-de-compte-famille\/\" \/>\r\n<meta property=\"og:locale\" content=\"fr_FR\" \/>\r\n<meta property=\"og:type\" content=\"article\" \/>\r\n<meta property=\"og:title\" content=\"Demande de cr\u00e9ation de compte - Accueil de loisirs de Daix\" \/>\r\n<meta property=\"og:description\" content=\"Pour nos accueils en Bourgogne-Franche-Comt\u00e9et en Grand -Est\u00a0 Vous souhaitez inscrire votre ou vos enfant.s sur une structure (accueil de loisirs, accueil p\u00e9riscolaire, \u2026) g\u00e9r\u00e9e par l\u2019UFCV. Pour cela vous devez demander la cr\u00e9ation d\u2019un compte en remplissant le formulaire [&hellip;]\" \/>\r\n<meta property=\"og:url\" content=\"https:\/\/portail-animation.ufcv.fr\/accueil-loisirs-daix\/demande-de-creation-de-compte-famille\/\" \/>\r\n<meta property=\"og:site_name\" content=\"Accueil de loisirs de Daix\" \/>\r\n<meta property=\"article:modified_time\" content=\"2023-06-06T11:41:30+00:00\" \/>\r\n<meta name=\"twitter:label1\" content=\"Dur\u00e9e de lecture estim\u00e9e\" \/>\n\t<meta name=\"twitter:data1\" content=\"1 minute\" \/>\r\n<script type=\"application\/ld+json\" class=\"yoast-schema-graph\">{\"@context\":\"https:\/\/schema.org\",\"@graph\":[{\"@type\":\"WebPage\",\"@id\":\"https:\/\/portail-animation.ufcv.fr\/accueil-loisirs-daix\/demande-de-creation-de-compte-famille\/\",\"url\":\"https:\/\/portail-animation.ufcv.fr\/accueil-loisirs-daix\/demande-de-creation-de-compte-famille\/\",\"name\":\"Demande de cr\u00e9ation de compte - Accueil de loisirs de Daix\",\"isPartOf\":{\"@id\":\"https:\/\/portail-animation.ufcv.fr\/accueil-loisirs-daix\/#website\"},\"datePublished\":\"2022-08-04T14:20:02+00:00\",\"dateModified\":\"2023-06-06T11:41:30+00:00\",\"breadcrumb\":{\"@id\":\"https:\/\/portail-animation.ufcv.fr\/accueil-loisirs-daix\/demande-de-creation-de-compte-famille\/#breadcrumb\"},\"inLanguage\":\"fr-FR\",\"potentialAction\":[{\"@type\":\"ReadAction\",\"target\":[\"https:\/\/portail-animation.ufcv.fr\/accueil-loisirs-daix\/demande-de-creation-de-compte-famille\/\"]}]},{\"@type\":\"BreadcrumbList\",\"@id\":\"https:\/\/portail-animation.ufcv.fr\/accueil-loisirs-daix\/demande-de-creation-de-compte-famille\/#breadcrumb\",\"itemListElement\":[{\"@type\":\"ListItem\",\"position\":1,\"name\":\"Accueil\",\"item\":\"https:\/\/portail-animation.ufcv.fr\/accueil-loisirs-daix\/\"},{\"@type\":\"ListItem\",\"position\":2,\"name\":\"Demande de cr\u00e9ation de compte\"}]},{\"@type\":\"WebSite\",\"@id\":\"https:\/\/portail-animation.ufcv.fr\/accueil-loisirs-daix\/#website\",\"url\":\"https:\/\/portail-animation.ufcv.fr\/accueil-loisirs-daix\/\",\"name\":\"Accueil de loisirs de Daix\",\"description\":\"Un site utilisant R\u00e9seau Portail Animation\",\"potentialAction\":[{\"@type\":\"SearchAction\",\"target\":{\"@type\":\"EntryPoint\",\"urlTemplate\":\"https:\/\/portail-animation.ufcv.fr\/accueil-loisirs-daix\/?s={search_term_string}\"},\"query-input\":{\"@type\":\"PropertyValueSpecification\",\"valueRequired\":true,\"valueName\":\"search_term_string\"}}],\"inLanguage\":\"fr-FR\"}]}<\/script>\r\n<!-- \/ Yoast SEO plugin. -->","yoast_head_json":{"title":"Demande de cr\u00e9ation de compte - Accueil de loisirs de Daix","robots":{"index":"index","follow":"follow","max-snippet":"max-snippet:-1","max-image-preview":"max-image-preview:large","max-video-preview":"max-video-preview:-1"},"canonical":"https:\/\/portail-animation.ufcv.fr\/accueil-loisirs-daix\/demande-de-creation-de-compte-famille\/","og_locale":"fr_FR","og_type":"article","og_title":"Demande de cr\u00e9ation de compte - Accueil de loisirs de Daix","og_description":"Pour nos accueils en Bourgogne-Franche-Comt\u00e9et en Grand -Est\u00a0 Vous souhaitez inscrire votre ou vos enfant.s sur une structure (accueil de loisirs, accueil p\u00e9riscolaire, \u2026) g\u00e9r\u00e9e par l\u2019UFCV. Pour cela vous devez demander la cr\u00e9ation d\u2019un compte en remplissant le formulaire [&hellip;]","og_url":"https:\/\/portail-animation.ufcv.fr\/accueil-loisirs-daix\/demande-de-creation-de-compte-famille\/","og_site_name":"Accueil de loisirs de Daix","article_modified_time":"2023-06-06T11:41:30+00:00","twitter_misc":{"Dur\u00e9e de lecture estim\u00e9e":"1 minute"},"schema":{"@context":"https:\/\/schema.org","@graph":[{"@type":"WebPage","@id":"https:\/\/portail-animation.ufcv.fr\/accueil-loisirs-daix\/demande-de-creation-de-compte-famille\/","url":"https:\/\/portail-animation.ufcv.fr\/accueil-loisirs-daix\/demande-de-creation-de-compte-famille\/","name":"Demande de cr\u00e9ation de compte - Accueil de loisirs de Daix","isPartOf":{"@id":"https:\/\/portail-animation.ufcv.fr\/accueil-loisirs-daix\/#website"},"datePublished":"2022-08-04T14:20:02+00:00","dateModified":"2023-06-06T11:41:30+00:00","breadcrumb":{"@id":"https:\/\/portail-animation.ufcv.fr\/accueil-loisirs-daix\/demande-de-creation-de-compte-famille\/#breadcrumb"},"inLanguage":"fr-FR","potentialAction":[{"@type":"ReadAction","target":["https:\/\/portail-animation.ufcv.fr\/accueil-loisirs-daix\/demande-de-creation-de-compte-famille\/"]}]},{"@type":"BreadcrumbList","@id":"https:\/\/portail-animation.ufcv.fr\/accueil-loisirs-daix\/demande-de-creation-de-compte-famille\/#breadcrumb","itemListElement":[{"@type":"ListItem","position":1,"name":"Accueil","item":"https:\/\/portail-animation.ufcv.fr\/accueil-loisirs-daix\/"},{"@type":"ListItem","position":2,"name":"Demande de cr\u00e9ation de compte"}]},{"@type":"WebSite","@id":"https:\/\/portail-animation.ufcv.fr\/accueil-loisirs-daix\/#website","url":"https:\/\/portail-animation.ufcv.fr\/accueil-loisirs-daix\/","name":"Accueil de loisirs de Daix","description":"Un site utilisant R\u00e9seau Portail Animation","potentialAction":[{"@type":"SearchAction","target":{"@type":"EntryPoint","urlTemplate":"https:\/\/portail-animation.ufcv.fr\/accueil-loisirs-daix\/?s={search_term_string}"},"query-input":{"@type":"PropertyValueSpecification","valueRequired":true,"valueName":"search_term_string"}}],"inLanguage":"fr-FR"}]}},"_links":{"self":[{"href":"https:\/\/portail-animation.ufcv.fr\/accueil-loisirs-daix\/wp-json\/wp\/v2\/pages\/342","targetHints":{"allow":["GET"]}}],"collection":[{"href":"https:\/\/portail-animation.ufcv.fr\/accueil-loisirs-daix\/wp-json\/wp\/v2\/pages"}],"about":[{"href":"https:\/\/portail-animation.ufcv.fr\/accueil-loisirs-daix\/wp-json\/wp\/v2\/types\/page"}],"author":[{"embeddable":true,"href":"https:\/\/portail-animation.ufcv.fr\/accueil-loisirs-daix\/wp-json\/wp\/v2\/users\/2"}],"replies":[{"embeddable":true,"href":"https:\/\/portail-animation.ufcv.fr\/accueil-loisirs-daix\/wp-json\/wp\/v2\/comments?post=342"}],"version-history":[{"count":7,"href":"https:\/\/portail-animation.ufcv.fr\/accueil-loisirs-daix\/wp-json\/wp\/v2\/pages\/342\/revisions"}],"predecessor-version":[{"id":373,"href":"https:\/\/portail-animation.ufcv.fr\/accueil-loisirs-daix\/wp-json\/wp\/v2\/pages\/342\/revisions\/373"}],"wp:attachment":[{"href":"https:\/\/portail-animation.ufcv.fr\/accueil-loisirs-daix\/wp-json\/wp\/v2\/media?parent=342"}],"curies":[{"name":"wp","href":"https:\/\/api.w.org\/{rel}","templated":true}]}}