{"id":73,"date":"2024-06-19T14:02:05","date_gmt":"2024-06-19T13:02:05","guid":{"rendered":"https:\/\/portail-animation.ufcv.fr\/accueil-loisirs-wolfisheim\/?page_id=73"},"modified":"2025-06-18T10:08:10","modified_gmt":"2025-06-18T09:08:10","slug":"plaquette-ete-2024","status":"publish","type":"page","link":"https:\/\/portail-animation.ufcv.fr\/accueil-loisirs-wolfisheim\/","title":{"rendered":"Plaquette \u00e9t\u00e9 2025"},"content":{"rendered":"","protected":false},"excerpt":{"rendered":"","protected":false},"author":227,"featured_media":0,"parent":0,"menu_order":0,"comment_status":"closed","ping_status":"closed","template":"","meta":{"_acf_changed":false,"footnotes":""},"class_list":["post-73","page","type-page","status-publish","hentry"],"acf":[],"yoast_head":"<!-- This site is optimized with the Yoast SEO plugin v23.9 - https:\/\/yoast.com\/wordpress\/plugins\/seo\/ -->\r\n<title>Plaquette \u00e9t\u00e9 2025 - Accueil de Loisirs de Wolfisheim<\/title>\r\n<meta name=\"description\" content=\"Mini camp : Du 22 au 26 juillet 2024 \u00e0 partir de 9 ans Une semaine d\u2019aventure avec deux nuits sous tentes ! Lundi 22 juillet : le groupe mini camp se retrouvera dans les locaux de l\u2019accueil de loisirs afin de pr\u00e9parer le minis\u00e9jour (repas, couchages, activit\u00e9s,\u2026)Du mardi 23 au jeudi 25 juillet : accueilli directement sur le site du CSC, les aventuriers vont monter le camp dans l\u2019enceinte du terrain de foot en toute s\u00e9curit\u00e9.En cas d\u2019intemp\u00e9rie, la commune de Wolfisheim met \u00e0 notre disposition les infrastructure du CSC pour se replier.Vendredi 26 juillet : sortie de fin de semaine avec le reste de l\u2019accueil de loisirs L\u2019inscription se fait depuis le portail famille ufcv depuis les nouvelles r\u00e9servations en s\u00e9lectionnant \u00ab Mini camp \u00bb\" \/>\r\n<meta name=\"robots\" content=\"index, follow, max-snippet:-1, max-image-preview:large, max-video-preview:-1\" \/>\r\n<link rel=\"canonical\" href=\"https:\/\/portail-animation.ufcv.fr\/accueil-loisirs-wolfisheim\/\" \/>\r\n<meta property=\"og:locale\" content=\"fr_FR\" \/>\r\n<meta property=\"og:type\" content=\"article\" \/>\r\n<meta property=\"og:title\" content=\"Plaquette \u00e9t\u00e9 2025 - Accueil de Loisirs de Wolfisheim\" \/>\r\n<meta property=\"og:description\" content=\"Mini camp : Du 22 au 26 juillet 2024 \u00e0 partir de 9 ans Une semaine d\u2019aventure avec deux nuits sous tentes ! Lundi 22 juillet : le groupe mini camp se retrouvera dans les locaux de l\u2019accueil de loisirs afin de pr\u00e9parer le minis\u00e9jour (repas, couchages, activit\u00e9s,\u2026)Du mardi 23 au jeudi 25 juillet : accueilli directement sur le site du CSC, les aventuriers vont monter le camp dans l\u2019enceinte du terrain de foot en toute s\u00e9curit\u00e9.En cas d\u2019intemp\u00e9rie, la commune de Wolfisheim met \u00e0 notre disposition les infrastructure du CSC pour se replier.Vendredi 26 juillet : sortie de fin de semaine avec le reste de l\u2019accueil de loisirs L\u2019inscription se fait depuis le portail famille ufcv depuis les nouvelles r\u00e9servations en s\u00e9lectionnant \u00ab Mini camp \u00bb\" \/>\r\n<meta property=\"og:url\" content=\"https:\/\/portail-animation.ufcv.fr\/accueil-loisirs-wolfisheim\/\" \/>\r\n<meta property=\"og:site_name\" content=\"Accueil de Loisirs de Wolfisheim\" \/>\r\n<meta property=\"article:modified_time\" content=\"2025-06-18T09:08:10+00:00\" \/>\r\n<script type=\"application\/ld+json\" class=\"yoast-schema-graph\">{\"@context\":\"https:\/\/schema.org\",\"@graph\":[{\"@type\":\"WebPage\",\"@id\":\"https:\/\/portail-animation.ufcv.fr\/accueil-loisirs-wolfisheim\/\",\"url\":\"https:\/\/portail-animation.ufcv.fr\/accueil-loisirs-wolfisheim\/\",\"name\":\"Plaquette \u00e9t\u00e9 2025 - Accueil de Loisirs de Wolfisheim\",\"isPartOf\":{\"@id\":\"https:\/\/portail-animation.ufcv.fr\/accueil-loisirs-wolfisheim\/#website\"},\"datePublished\":\"2024-06-19T13:02:05+00:00\",\"dateModified\":\"2025-06-18T09:08:10+00:00\",\"description\":\"Mini camp : Du 22 au 26 juillet 2024 \u00e0 partir de 9 ans Une semaine d\u2019aventure avec deux nuits sous tentes ! Lundi 22 juillet : le groupe mini camp se retrouvera dans les locaux de l\u2019accueil de loisirs afin de pr\u00e9parer le minis\u00e9jour (repas, couchages, activit\u00e9s,\u2026)Du mardi 23 au jeudi 25 juillet : accueilli directement sur le site du CSC, les aventuriers vont monter le camp dans l\u2019enceinte du terrain de foot en toute s\u00e9curit\u00e9.En cas d\u2019intemp\u00e9rie, la commune de Wolfisheim met \u00e0 notre disposition les infrastructure du CSC pour se replier.Vendredi 26 juillet : sortie de fin de semaine avec le reste de l\u2019accueil de loisirs L\u2019inscription se fait depuis le portail famille ufcv depuis les nouvelles r\u00e9servations en s\u00e9lectionnant \u00ab Mini camp \u00bb\",\"breadcrumb\":{\"@id\":\"https:\/\/portail-animation.ufcv.fr\/accueil-loisirs-wolfisheim\/#breadcrumb\"},\"inLanguage\":\"fr-FR\",\"potentialAction\":[{\"@type\":\"ReadAction\",\"target\":[\"https:\/\/portail-animation.ufcv.fr\/accueil-loisirs-wolfisheim\/\"]}]},{\"@type\":\"BreadcrumbList\",\"@id\":\"https:\/\/portail-animation.ufcv.fr\/accueil-loisirs-wolfisheim\/#breadcrumb\",\"itemListElement\":[{\"@type\":\"ListItem\",\"position\":1,\"name\":\"Accueil\",\"item\":\"https:\/\/portail-animation.ufcv.fr\/accueil-loisirs-wolfisheim\/\"},{\"@type\":\"ListItem\",\"position\":2,\"name\":\"Plaquette \u00e9t\u00e9 2025\"}]},{\"@type\":\"WebSite\",\"@id\":\"https:\/\/portail-animation.ufcv.fr\/accueil-loisirs-wolfisheim\/#website\",\"url\":\"https:\/\/portail-animation.ufcv.fr\/accueil-loisirs-wolfisheim\/\",\"name\":\"Accueil de Loisirs de Wolfisheim\",\"description\":\"Un site utilisant R\u00e9seau Portail Animation\",\"potentialAction\":[{\"@type\":\"SearchAction\",\"target\":{\"@type\":\"EntryPoint\",\"urlTemplate\":\"https:\/\/portail-animation.ufcv.fr\/accueil-loisirs-wolfisheim\/?s={search_term_string}\"},\"query-input\":{\"@type\":\"PropertyValueSpecification\",\"valueRequired\":true,\"valueName\":\"search_term_string\"}}],\"inLanguage\":\"fr-FR\"}]}<\/script>\r\n<!-- \/ Yoast SEO plugin. -->","yoast_head_json":{"title":"Plaquette \u00e9t\u00e9 2025 - Accueil de Loisirs de Wolfisheim","description":"Mini camp : Du 22 au 26 juillet 2024 \u00e0 partir de 9 ans Une semaine d\u2019aventure avec deux nuits sous tentes ! Lundi 22 juillet : le groupe mini camp se retrouvera dans les locaux de l\u2019accueil de loisirs afin de pr\u00e9parer le minis\u00e9jour (repas, couchages, activit\u00e9s,\u2026)Du mardi 23 au jeudi 25 juillet : accueilli directement sur le site du CSC, les aventuriers vont monter le camp dans l\u2019enceinte du terrain de foot en toute s\u00e9curit\u00e9.En cas d\u2019intemp\u00e9rie, la commune de Wolfisheim met \u00e0 notre disposition les infrastructure du CSC pour se replier.Vendredi 26 juillet : sortie de fin de semaine avec le reste de l\u2019accueil de loisirs L\u2019inscription se fait depuis le portail famille ufcv depuis les nouvelles r\u00e9servations en s\u00e9lectionnant \u00ab Mini camp \u00bb","robots":{"index":"index","follow":"follow","max-snippet":"max-snippet:-1","max-image-preview":"max-image-preview:large","max-video-preview":"max-video-preview:-1"},"canonical":"https:\/\/portail-animation.ufcv.fr\/accueil-loisirs-wolfisheim\/","og_locale":"fr_FR","og_type":"article","og_title":"Plaquette \u00e9t\u00e9 2025 - Accueil de Loisirs de Wolfisheim","og_description":"Mini camp : Du 22 au 26 juillet 2024 \u00e0 partir de 9 ans Une semaine d\u2019aventure avec deux nuits sous tentes ! Lundi 22 juillet : le groupe mini camp se retrouvera dans les locaux de l\u2019accueil de loisirs afin de pr\u00e9parer le minis\u00e9jour (repas, couchages, activit\u00e9s,\u2026)Du mardi 23 au jeudi 25 juillet : accueilli directement sur le site du CSC, les aventuriers vont monter le camp dans l\u2019enceinte du terrain de foot en toute s\u00e9curit\u00e9.En cas d\u2019intemp\u00e9rie, la commune de Wolfisheim met \u00e0 notre disposition les infrastructure du CSC pour se replier.Vendredi 26 juillet : sortie de fin de semaine avec le reste de l\u2019accueil de loisirs L\u2019inscription se fait depuis le portail famille ufcv depuis les nouvelles r\u00e9servations en s\u00e9lectionnant \u00ab Mini camp \u00bb","og_url":"https:\/\/portail-animation.ufcv.fr\/accueil-loisirs-wolfisheim\/","og_site_name":"Accueil de Loisirs de Wolfisheim","article_modified_time":"2025-06-18T09:08:10+00:00","schema":{"@context":"https:\/\/schema.org","@graph":[{"@type":"WebPage","@id":"https:\/\/portail-animation.ufcv.fr\/accueil-loisirs-wolfisheim\/","url":"https:\/\/portail-animation.ufcv.fr\/accueil-loisirs-wolfisheim\/","name":"Plaquette \u00e9t\u00e9 2025 - Accueil de Loisirs de Wolfisheim","isPartOf":{"@id":"https:\/\/portail-animation.ufcv.fr\/accueil-loisirs-wolfisheim\/#website"},"datePublished":"2024-06-19T13:02:05+00:00","dateModified":"2025-06-18T09:08:10+00:00","description":"Mini camp : Du 22 au 26 juillet 2024 \u00e0 partir de 9 ans Une semaine d\u2019aventure avec deux nuits sous tentes ! Lundi 22 juillet : le groupe mini camp se retrouvera dans les locaux de l\u2019accueil de loisirs afin de pr\u00e9parer le minis\u00e9jour (repas, couchages, activit\u00e9s,\u2026)Du mardi 23 au jeudi 25 juillet : accueilli directement sur le site du CSC, les aventuriers vont monter le camp dans l\u2019enceinte du terrain de foot en toute s\u00e9curit\u00e9.En cas d\u2019intemp\u00e9rie, la commune de Wolfisheim met \u00e0 notre disposition les infrastructure du CSC pour se replier.Vendredi 26 juillet : sortie de fin de semaine avec le reste de l\u2019accueil de loisirs L\u2019inscription se fait depuis le portail famille ufcv depuis les nouvelles r\u00e9servations en s\u00e9lectionnant \u00ab Mini camp \u00bb","breadcrumb":{"@id":"https:\/\/portail-animation.ufcv.fr\/accueil-loisirs-wolfisheim\/#breadcrumb"},"inLanguage":"fr-FR","potentialAction":[{"@type":"ReadAction","target":["https:\/\/portail-animation.ufcv.fr\/accueil-loisirs-wolfisheim\/"]}]},{"@type":"BreadcrumbList","@id":"https:\/\/portail-animation.ufcv.fr\/accueil-loisirs-wolfisheim\/#breadcrumb","itemListElement":[{"@type":"ListItem","position":1,"name":"Accueil","item":"https:\/\/portail-animation.ufcv.fr\/accueil-loisirs-wolfisheim\/"},{"@type":"ListItem","position":2,"name":"Plaquette \u00e9t\u00e9 2025"}]},{"@type":"WebSite","@id":"https:\/\/portail-animation.ufcv.fr\/accueil-loisirs-wolfisheim\/#website","url":"https:\/\/portail-animation.ufcv.fr\/accueil-loisirs-wolfisheim\/","name":"Accueil de Loisirs de Wolfisheim","description":"Un site utilisant R\u00e9seau Portail Animation","potentialAction":[{"@type":"SearchAction","target":{"@type":"EntryPoint","urlTemplate":"https:\/\/portail-animation.ufcv.fr\/accueil-loisirs-wolfisheim\/?s={search_term_string}"},"query-input":{"@type":"PropertyValueSpecification","valueRequired":true,"valueName":"search_term_string"}}],"inLanguage":"fr-FR"}]}},"_links":{"self":[{"href":"https:\/\/portail-animation.ufcv.fr\/accueil-loisirs-wolfisheim\/wp-json\/wp\/v2\/pages\/73","targetHints":{"allow":["GET"]}}],"collection":[{"href":"https:\/\/portail-animation.ufcv.fr\/accueil-loisirs-wolfisheim\/wp-json\/wp\/v2\/pages"}],"about":[{"href":"https:\/\/portail-animation.ufcv.fr\/accueil-loisirs-wolfisheim\/wp-json\/wp\/v2\/types\/page"}],"author":[{"embeddable":true,"href":"https:\/\/portail-animation.ufcv.fr\/accueil-loisirs-wolfisheim\/wp-json\/wp\/v2\/users\/227"}],"replies":[{"embeddable":true,"href":"https:\/\/portail-animation.ufcv.fr\/accueil-loisirs-wolfisheim\/wp-json\/wp\/v2\/comments?post=73"}],"version-history":[{"count":3,"href":"https:\/\/portail-animation.ufcv.fr\/accueil-loisirs-wolfisheim\/wp-json\/wp\/v2\/pages\/73\/revisions"}],"predecessor-version":[{"id":103,"href":"https:\/\/portail-animation.ufcv.fr\/accueil-loisirs-wolfisheim\/wp-json\/wp\/v2\/pages\/73\/revisions\/103"}],"wp:attachment":[{"href":"https:\/\/portail-animation.ufcv.fr\/accueil-loisirs-wolfisheim\/wp-json\/wp\/v2\/media?parent=73"}],"curies":[{"name":"wp","href":"https:\/\/api.w.org\/{rel}","templated":true}]}}