{"id":4,"date":"2022-12-16T13:04:33","date_gmt":"2022-12-16T12:04:33","guid":{"rendered":"https:\/\/portail-animation.ufcv.fr\/accueil-loisirs-periscolaire-sanghin-melantois\/accueil\/"},"modified":"2022-12-16T13:04:33","modified_gmt":"2022-12-16T12:04:33","slug":"accueil","status":"publish","type":"page","link":"https:\/\/portail-animation.ufcv.fr\/accueil-sainghin-melantois\/","title":{"rendered":"Accueil"},"content":{"rendered":"","protected":false},"excerpt":{"rendered":"","protected":false},"author":2,"featured_media":0,"parent":0,"menu_order":0,"comment_status":"closed","ping_status":"closed","template":"","meta":{"_acf_changed":false,"footnotes":""},"class_list":["post-4","page","type-page","status-publish","hentry"],"acf":[],"yoast_head":"<!-- This site is optimized with the Yoast SEO plugin v23.9 - https:\/\/yoast.com\/wordpress\/plugins\/seo\/ -->\r\n<title>Accueil - Accueil P\u00e9riscolaire, des Mercredis, Extrascolaire &amp; P\u00f4le adolescents de Sainghin-en-M\u00e9lantois.<\/title>\r\n<meta name=\"robots\" content=\"index, follow, max-snippet:-1, max-image-preview:large, max-video-preview:-1\" \/>\r\n<link rel=\"canonical\" href=\"https:\/\/portail-animation.ufcv.fr\/accueil-sainghin-melantois\/\" \/>\r\n<meta property=\"og:locale\" content=\"fr_FR\" \/>\r\n<meta property=\"og:type\" content=\"article\" \/>\r\n<meta property=\"og:title\" content=\"Accueil - Accueil P\u00e9riscolaire, des Mercredis, Extrascolaire &amp; P\u00f4le adolescents de Sainghin-en-M\u00e9lantois.\" \/>\r\n<meta property=\"og:url\" content=\"https:\/\/portail-animation.ufcv.fr\/accueil-sainghin-melantois\/\" \/>\r\n<meta property=\"og:site_name\" content=\"Accueil P\u00e9riscolaire, des Mercredis, Extrascolaire &amp; P\u00f4le adolescents de Sainghin-en-M\u00e9lantois.\" \/>\r\n<meta name=\"twitter:card\" content=\"summary_large_image\" \/>\r\n<script type=\"application\/ld+json\" class=\"yoast-schema-graph\">{\"@context\":\"https:\/\/schema.org\",\"@graph\":[{\"@type\":\"WebPage\",\"@id\":\"https:\/\/portail-animation.ufcv.fr\/accueil-sainghin-melantois\/\",\"url\":\"https:\/\/portail-animation.ufcv.fr\/accueil-sainghin-melantois\/\",\"name\":\"Accueil - Accueil P\u00e9riscolaire, des Mercredis, Extrascolaire &amp; P\u00f4le adolescents de Sainghin-en-M\u00e9lantois.\",\"isPartOf\":{\"@id\":\"https:\/\/portail-animation.ufcv.fr\/accueil-sainghin-melantois\/#website\"},\"datePublished\":\"2022-12-16T12:04:33+00:00\",\"dateModified\":\"2022-12-16T12:04:33+00:00\",\"breadcrumb\":{\"@id\":\"https:\/\/portail-animation.ufcv.fr\/accueil-sainghin-melantois\/#breadcrumb\"},\"inLanguage\":\"fr-FR\",\"potentialAction\":[{\"@type\":\"ReadAction\",\"target\":[\"https:\/\/portail-animation.ufcv.fr\/accueil-sainghin-melantois\/\"]}]},{\"@type\":\"BreadcrumbList\",\"@id\":\"https:\/\/portail-animation.ufcv.fr\/accueil-sainghin-melantois\/#breadcrumb\",\"itemListElement\":[{\"@type\":\"ListItem\",\"position\":1,\"name\":\"Accueil\",\"item\":\"https:\/\/portail-animation.ufcv.fr\/accueil-sainghin-melantois\/\"},{\"@type\":\"ListItem\",\"position\":2,\"name\":\"Accueil\"}]},{\"@type\":\"WebSite\",\"@id\":\"https:\/\/portail-animation.ufcv.fr\/accueil-sainghin-melantois\/#website\",\"url\":\"https:\/\/portail-animation.ufcv.fr\/accueil-sainghin-melantois\/\",\"name\":\"Accueil P\u00e9riscolaire, des Mercredis, Extrascolaire &amp; P\u00f4le adolescents de Sainghin-en-M\u00e9lantois.\",\"description\":\"Un site utilisant R\u00e9seau Portail Animation\",\"potentialAction\":[{\"@type\":\"SearchAction\",\"target\":{\"@type\":\"EntryPoint\",\"urlTemplate\":\"https:\/\/portail-animation.ufcv.fr\/accueil-sainghin-melantois\/?s={search_term_string}\"},\"query-input\":{\"@type\":\"PropertyValueSpecification\",\"valueRequired\":true,\"valueName\":\"search_term_string\"}}],\"inLanguage\":\"fr-FR\"}]}<\/script>\r\n<!-- \/ Yoast SEO plugin. -->","yoast_head_json":{"title":"Accueil - Accueil P\u00e9riscolaire, des Mercredis, Extrascolaire &amp; P\u00f4le adolescents de Sainghin-en-M\u00e9lantois.","robots":{"index":"index","follow":"follow","max-snippet":"max-snippet:-1","max-image-preview":"max-image-preview:large","max-video-preview":"max-video-preview:-1"},"canonical":"https:\/\/portail-animation.ufcv.fr\/accueil-sainghin-melantois\/","og_locale":"fr_FR","og_type":"article","og_title":"Accueil - Accueil P\u00e9riscolaire, des Mercredis, Extrascolaire &amp; P\u00f4le adolescents de Sainghin-en-M\u00e9lantois.","og_url":"https:\/\/portail-animation.ufcv.fr\/accueil-sainghin-melantois\/","og_site_name":"Accueil P\u00e9riscolaire, des Mercredis, Extrascolaire &amp; P\u00f4le adolescents de Sainghin-en-M\u00e9lantois.","twitter_card":"summary_large_image","schema":{"@context":"https:\/\/schema.org","@graph":[{"@type":"WebPage","@id":"https:\/\/portail-animation.ufcv.fr\/accueil-sainghin-melantois\/","url":"https:\/\/portail-animation.ufcv.fr\/accueil-sainghin-melantois\/","name":"Accueil - Accueil P\u00e9riscolaire, des Mercredis, Extrascolaire &amp; P\u00f4le adolescents de Sainghin-en-M\u00e9lantois.","isPartOf":{"@id":"https:\/\/portail-animation.ufcv.fr\/accueil-sainghin-melantois\/#website"},"datePublished":"2022-12-16T12:04:33+00:00","dateModified":"2022-12-16T12:04:33+00:00","breadcrumb":{"@id":"https:\/\/portail-animation.ufcv.fr\/accueil-sainghin-melantois\/#breadcrumb"},"inLanguage":"fr-FR","potentialAction":[{"@type":"ReadAction","target":["https:\/\/portail-animation.ufcv.fr\/accueil-sainghin-melantois\/"]}]},{"@type":"BreadcrumbList","@id":"https:\/\/portail-animation.ufcv.fr\/accueil-sainghin-melantois\/#breadcrumb","itemListElement":[{"@type":"ListItem","position":1,"name":"Accueil","item":"https:\/\/portail-animation.ufcv.fr\/accueil-sainghin-melantois\/"},{"@type":"ListItem","position":2,"name":"Accueil"}]},{"@type":"WebSite","@id":"https:\/\/portail-animation.ufcv.fr\/accueil-sainghin-melantois\/#website","url":"https:\/\/portail-animation.ufcv.fr\/accueil-sainghin-melantois\/","name":"Accueil P\u00e9riscolaire, des Mercredis, Extrascolaire &amp; P\u00f4le adolescents de Sainghin-en-M\u00e9lantois.","description":"Un site utilisant R\u00e9seau Portail Animation","potentialAction":[{"@type":"SearchAction","target":{"@type":"EntryPoint","urlTemplate":"https:\/\/portail-animation.ufcv.fr\/accueil-sainghin-melantois\/?s={search_term_string}"},"query-input":{"@type":"PropertyValueSpecification","valueRequired":true,"valueName":"search_term_string"}}],"inLanguage":"fr-FR"}]}},"_links":{"self":[{"href":"https:\/\/portail-animation.ufcv.fr\/accueil-sainghin-melantois\/wp-json\/wp\/v2\/pages\/4","targetHints":{"allow":["GET"]}}],"collection":[{"href":"https:\/\/portail-animation.ufcv.fr\/accueil-sainghin-melantois\/wp-json\/wp\/v2\/pages"}],"about":[{"href":"https:\/\/portail-animation.ufcv.fr\/accueil-sainghin-melantois\/wp-json\/wp\/v2\/types\/page"}],"author":[{"embeddable":true,"href":"https:\/\/portail-animation.ufcv.fr\/accueil-sainghin-melantois\/wp-json\/wp\/v2\/users\/2"}],"replies":[{"embeddable":true,"href":"https:\/\/portail-animation.ufcv.fr\/accueil-sainghin-melantois\/wp-json\/wp\/v2\/comments?post=4"}],"version-history":[{"count":0,"href":"https:\/\/portail-animation.ufcv.fr\/accueil-sainghin-melantois\/wp-json\/wp\/v2\/pages\/4\/revisions"}],"wp:attachment":[{"href":"https:\/\/portail-animation.ufcv.fr\/accueil-sainghin-melantois\/wp-json\/wp\/v2\/media?parent=4"}],"curies":[{"name":"wp","href":"https:\/\/api.w.org\/{rel}","templated":true}]}}