 {"id":3,"date":"2019-06-24T10:28:04","date_gmt":"2019-06-24T08:28:04","guid":{"rendered":"https:\/\/portail-animation.ufcv.fr\/ecole-europenne-strasbourg\/actualites\/"},"modified":"2019-06-24T10:28:04","modified_gmt":"2019-06-24T08:28:04","slug":"actualites","status":"publish","type":"page","link":"https:\/\/portail-animation.ufcv.fr\/ecole-europenne-strasbourg\/actualites\/","title":{"rendered":"Actualit\u00e9s"},"content":{"rendered":"","protected":false},"excerpt":{"rendered":"","protected":false},"author":2,"featured_media":0,"parent":0,"menu_order":0,"comment_status":"closed","ping_status":"closed","template":"","meta":{"_acf_changed":false,"footnotes":""},"class_list":["post-3","page","type-page","status-publish","hentry"],"acf":[],"yoast_head":"<!-- This site is optimized with the Yoast SEO plugin v23.9 - https:\/\/yoast.com\/wordpress\/plugins\/seo\/ -->\r\n<title>Actualit\u00e9s - \u00c9cole europ\u00e9enne de Strasbourg<\/title>\r\n<meta name=\"robots\" content=\"index, follow, max-snippet:-1, max-image-preview:large, max-video-preview:-1\" \/>\r\n<link rel=\"canonical\" href=\"https:\/\/portail-animation.ufcv.fr\/ecole-europenne-strasbourg\/actualites\/\" \/>\r\n<meta property=\"og:locale\" content=\"fr_FR\" \/>\r\n<meta property=\"og:type\" content=\"article\" \/>\r\n<meta property=\"og:title\" content=\"Actualit\u00e9s - \u00c9cole europ\u00e9enne de Strasbourg\" \/>\r\n<meta property=\"og:url\" content=\"https:\/\/portail-animation.ufcv.fr\/ecole-europenne-strasbourg\/actualites\/\" \/>\r\n<meta property=\"og:site_name\" content=\"\u00c9cole europ\u00e9enne de Strasbourg\" \/>\r\n<meta name=\"twitter:card\" content=\"summary_large_image\" \/>\r\n<script type=\"application\/ld+json\" class=\"yoast-schema-graph\">{\"@context\":\"https:\/\/schema.org\",\"@graph\":[{\"@type\":[\"WebPage\",\"CollectionPage\"],\"@id\":\"https:\/\/portail-animation.ufcv.fr\/ecole-europenne-strasbourg\/actualites\/\",\"url\":\"https:\/\/portail-animation.ufcv.fr\/ecole-europenne-strasbourg\/actualites\/\",\"name\":\"Actualit\u00e9s - \u00c9cole europ\u00e9enne de Strasbourg\",\"isPartOf\":{\"@id\":\"https:\/\/portail-animation.ufcv.fr\/ecole-europenne-strasbourg\/#website\"},\"datePublished\":\"2019-06-24T08:28:04+00:00\",\"dateModified\":\"2019-06-24T08:28:04+00:00\",\"breadcrumb\":{\"@id\":\"https:\/\/portail-animation.ufcv.fr\/ecole-europenne-strasbourg\/actualites\/#breadcrumb\"},\"inLanguage\":\"fr-FR\"},{\"@type\":\"BreadcrumbList\",\"@id\":\"https:\/\/portail-animation.ufcv.fr\/ecole-europenne-strasbourg\/actualites\/#breadcrumb\",\"itemListElement\":[{\"@type\":\"ListItem\",\"position\":1,\"name\":\"Accueil\",\"item\":\"https:\/\/portail-animation.ufcv.fr\/ecole-europenne-strasbourg\/\"},{\"@type\":\"ListItem\",\"position\":2,\"name\":\"Actualit\u00e9s\"}]},{\"@type\":\"WebSite\",\"@id\":\"https:\/\/portail-animation.ufcv.fr\/ecole-europenne-strasbourg\/#website\",\"url\":\"https:\/\/portail-animation.ufcv.fr\/ecole-europenne-strasbourg\/\",\"name\":\"\u00c9cole europ\u00e9enne de Strasbourg\",\"description\":\"\",\"potentialAction\":[{\"@type\":\"SearchAction\",\"target\":{\"@type\":\"EntryPoint\",\"urlTemplate\":\"https:\/\/portail-animation.ufcv.fr\/ecole-europenne-strasbourg\/?s={search_term_string}\"},\"query-input\":{\"@type\":\"PropertyValueSpecification\",\"valueRequired\":true,\"valueName\":\"search_term_string\"}}],\"inLanguage\":\"fr-FR\"}]}<\/script>\r\n<!-- \/ Yoast SEO plugin. -->","yoast_head_json":{"title":"Actualit\u00e9s - \u00c9cole europ\u00e9enne de Strasbourg","robots":{"index":"index","follow":"follow","max-snippet":"max-snippet:-1","max-image-preview":"max-image-preview:large","max-video-preview":"max-video-preview:-1"},"canonical":"https:\/\/portail-animation.ufcv.fr\/ecole-europenne-strasbourg\/actualites\/","og_locale":"fr_FR","og_type":"article","og_title":"Actualit\u00e9s - \u00c9cole europ\u00e9enne de Strasbourg","og_url":"https:\/\/portail-animation.ufcv.fr\/ecole-europenne-strasbourg\/actualites\/","og_site_name":"\u00c9cole europ\u00e9enne de Strasbourg","twitter_card":"summary_large_image","schema":{"@context":"https:\/\/schema.org","@graph":[{"@type":["WebPage","CollectionPage"],"@id":"https:\/\/portail-animation.ufcv.fr\/ecole-europenne-strasbourg\/actualites\/","url":"https:\/\/portail-animation.ufcv.fr\/ecole-europenne-strasbourg\/actualites\/","name":"Actualit\u00e9s - \u00c9cole europ\u00e9enne de Strasbourg","isPartOf":{"@id":"https:\/\/portail-animation.ufcv.fr\/ecole-europenne-strasbourg\/#website"},"datePublished":"2019-06-24T08:28:04+00:00","dateModified":"2019-06-24T08:28:04+00:00","breadcrumb":{"@id":"https:\/\/portail-animation.ufcv.fr\/ecole-europenne-strasbourg\/actualites\/#breadcrumb"},"inLanguage":"fr-FR"},{"@type":"BreadcrumbList","@id":"https:\/\/portail-animation.ufcv.fr\/ecole-europenne-strasbourg\/actualites\/#breadcrumb","itemListElement":[{"@type":"ListItem","position":1,"name":"Accueil","item":"https:\/\/portail-animation.ufcv.fr\/ecole-europenne-strasbourg\/"},{"@type":"ListItem","position":2,"name":"Actualit\u00e9s"}]},{"@type":"WebSite","@id":"https:\/\/portail-animation.ufcv.fr\/ecole-europenne-strasbourg\/#website","url":"https:\/\/portail-animation.ufcv.fr\/ecole-europenne-strasbourg\/","name":"\u00c9cole europ\u00e9enne de Strasbourg","description":"","potentialAction":[{"@type":"SearchAction","target":{"@type":"EntryPoint","urlTemplate":"https:\/\/portail-animation.ufcv.fr\/ecole-europenne-strasbourg\/?s={search_term_string}"},"query-input":{"@type":"PropertyValueSpecification","valueRequired":true,"valueName":"search_term_string"}}],"inLanguage":"fr-FR"}]}},"_links":{"self":[{"href":"https:\/\/portail-animation.ufcv.fr\/ecole-europenne-strasbourg\/wp-json\/wp\/v2\/pages\/3","targetHints":{"allow":["GET"]}}],"collection":[{"href":"https:\/\/portail-animation.ufcv.fr\/ecole-europenne-strasbourg\/wp-json\/wp\/v2\/pages"}],"about":[{"href":"https:\/\/portail-animation.ufcv.fr\/ecole-europenne-strasbourg\/wp-json\/wp\/v2\/types\/page"}],"author":[{"embeddable":true,"href":"https:\/\/portail-animation.ufcv.fr\/ecole-europenne-strasbourg\/wp-json\/wp\/v2\/users\/2"}],"replies":[{"embeddable":true,"href":"https:\/\/portail-animation.ufcv.fr\/ecole-europenne-strasbourg\/wp-json\/wp\/v2\/comments?post=3"}],"version-history":[{"count":0,"href":"https:\/\/portail-animation.ufcv.fr\/ecole-europenne-strasbourg\/wp-json\/wp\/v2\/pages\/3\/revisions"}],"wp:attachment":[{"href":"https:\/\/portail-animation.ufcv.fr\/ecole-europenne-strasbourg\/wp-json\/wp\/v2\/media?parent=3"}],"curies":[{"name":"wp","href":"https:\/\/api.w.org\/{rel}","templated":true}]}}